{"id":27,"date":"2014-06-26T11:27:39","date_gmt":"2014-06-26T11:27:39","guid":{"rendered":"http:\/\/areadetamajon.com\/blog\/?page_id=27"},"modified":"2014-07-28T08:20:41","modified_gmt":"2014-07-28T08:20:41","slug":"la-mecedora","status":"publish","type":"page","link":"https:\/\/areadetamajon.com\/blog\/la-mecedora\/","title":{"rendered":"La Mecedora"},"content":{"rendered":"<p style=\"text-align: center;\">Muebles y complementos que evocan un sinf\u00edn de buenas sensaciones.<\/p>\n<div class=\"container\"><ul id=\"og-grid\" class=\"og-grid\">\t\n\t\t\t<li>\n\t\t\t\t<a href=\"\" data-largesrc=\"https:\/\/areadetamajon.com\/blog\/wp-content\/uploads\/2014\/06\/mecedora.png\" data-title=\"Muebles con encanto\" data-description=\"Sentir la caricia de la brisa de la ma\u00f1ana en el jard\u00edn\u2026\r\nRecordar antiguas vivencias en el escritorio donde se plasmaron sobre papel verjurado aquellas\u00a0emotivas cartas\u2026\r\nVolver a saborear el pan reci\u00e9n hecho encima de aquella mesa junto a la alacena...\r\nSo\u00f1ar con miles de aventuras desde la mecedora junto a la repleta librer\u00eda del sal\u00f3n\u2026\r\nSentirse abrazado por aquel sill\u00f3n de orejas frente a la chimenea\u2026\r\n<h5>Esto es La Mecedora.<\/h5>\">\n\t\t\t\t\t\t\t<img loading=\"lazy\" decoding=\"async\" width=\"250\" height=\"120\" src=\"https:\/\/areadetamajon.com\/blog\/wp-content\/uploads\/2014\/06\/mecedora.png\" class=\"attachment-portfolio_img size-portfolio_img wp-post-image\" alt=\"La Mecedora - Muebles con encanto - Tamaj\u00f3n, Guadalajara\" \/>\n\t\t\t\t\t\t<\/a>\n\t\t\t<\/li>\n\n\t\t\t\t\t\n\t\t\t<li>\n\t\t\t\t<a href=\"\" data-largesrc=\"https:\/\/areadetamajon.com\/blog\/wp-content\/uploads\/2014\/07\/MIR12-500x500.jpg\" data-title=\"Regalos\" data-description=\"Una selecci\u00f3n de regalos y\/o detalles de decoraci\u00f3n:\u00a0r\u00e9plicas de aperos de labranza y de armas de \u00e9poca, cer\u00e1mica, lamparer\u00eda, etc.\">\n\t\t\t\t\t\t\t<img loading=\"lazy\" decoding=\"async\" width=\"300\" height=\"218\" src=\"https:\/\/areadetamajon.com\/blog\/wp-content\/uploads\/2014\/07\/MIR12-300x218.jpg\" class=\"attachment-portfolio_img size-portfolio_img wp-post-image\" alt=\"Regalos La Mecedora - Muebles con encanto - Tamaj\u00f3n, Guadalajara\" \/>\n\t\t\t\t\t\t<\/a>\n\t\t\t<\/li>\n\n\t\t\t\t\t\n\t\t\t<li>\n\t\t\t\t<a href=\"\" data-largesrc=\"https:\/\/areadetamajon.com\/blog\/wp-content\/uploads\/2014\/07\/STANN-100X130-500x500.jpg\" data-title=\"Complementos\" data-description=\"Aqu\u00ed contemplamos todas las piezas que van completando nuestra decoraci\u00f3n. Tambi\u00e9n encontrara productos de artesanos locales.\r\n\r\nMesas auxiliares, sillones, perchas, percheros, vestidores, entraditas..., en sus distintos acabados de madera y forja y que nos permiten contemplar de una manera coordinada el dormitorio, comedor o boisserie que hemos elegido.\r\n\r\nDestaca los complementos de l\u00ednea \u00e9tnica como elementos muy caracter\u00edsticos que pueden dar el toque personal que estamos buscando a nuestra decoraci\u00f3n.\">\n\t\t\t\t\t\t\t<img loading=\"lazy\" decoding=\"async\" width=\"300\" height=\"218\" src=\"https:\/\/areadetamajon.com\/blog\/wp-content\/uploads\/2014\/07\/STANN-100X130-300x218.jpg\" class=\"attachment-portfolio_img size-portfolio_img wp-post-image\" alt=\"Complementos La Mecedora - Muebles con encanto - Tamaj\u00f3n, Guadalajara\" \/>\n\t\t\t\t\t\t<\/a>\n\t\t\t<\/li>\n\n\t\t\t\t\t\n\t\t\t<li>\n\t\t\t\t<a href=\"\" data-largesrc=\"https:\/\/areadetamajon.com\/blog\/wp-content\/uploads\/2014\/07\/Ambiente-pagina-2-500x500.jpg\" data-title=\"Muebles\" data-description=\"En toda su dimensi\u00f3n, desde amueblar una casa rural por completo (o una\u00a0vivienda) a decorar una sola estancia (comedor, dormitorio, etc.).\r\n<h4><\/h4>\">\n\t\t\t\t\t\t\t<img loading=\"lazy\" decoding=\"async\" width=\"300\" height=\"218\" src=\"https:\/\/areadetamajon.com\/blog\/wp-content\/uploads\/2014\/07\/Ambiente-pagina-2-300x218.jpg\" class=\"attachment-portfolio_img size-portfolio_img wp-post-image\" alt=\"Muebles La Mecedora - Muebles con encanto - Tamaj\u00f3n, Guadalajara\" \/>\n\t\t\t\t\t\t<\/a>\n\t\t\t<\/li>\n\n\t\t\t\t\t\n\t\t\t<li>\n\t\t\t\t<a href=\"\" data-largesrc=\"https:\/\/areadetamajon.com\/blog\/wp-content\/uploads\/2014\/07\/N\u00ba-12x-500x460.jpg\" data-title=\"Cocinas\" data-description=\"Venta, montaje e instalaci\u00f3n.\">\n\t\t\t\t\t\t\t<img loading=\"lazy\" decoding=\"async\" width=\"300\" height=\"218\" src=\"https:\/\/areadetamajon.com\/blog\/wp-content\/uploads\/2014\/07\/N\u00ba-12x-300x218.jpg\" class=\"attachment-portfolio_img size-portfolio_img wp-post-image\" alt=\"Cocinas La Mecedora - Muebles con encanto - Tamaj\u00f3n, Guadalajara\" \/>\n\t\t\t\t\t\t<\/a>\n\t\t\t<\/li>\n\n\t\t\t\t\t\n\t\t\t<li>\n\t\t\t\t<a href=\"\" data-largesrc=\"https:\/\/areadetamajon.com\/blog\/wp-content\/uploads\/2014\/07\/PoliPielTapa3D-500x489.jpg\" data-title=\"Colchoner\u00eda y Electrodom\u00e9sticos\" data-description=\"Venta, montaje, instalaci\u00f3n y retirada de los viejos.\r\n\r\n&nbsp;\">\n\t\t\t\t\t\t\t<img loading=\"lazy\" decoding=\"async\" width=\"300\" height=\"218\" src=\"https:\/\/areadetamajon.com\/blog\/wp-content\/uploads\/2014\/07\/PoliPielTapa3D-300x218.jpg\" class=\"attachment-portfolio_img size-portfolio_img wp-post-image\" alt=\"Colchoner\u00eda y electrodom\u00e9sticos La Mecedora - Muebles con encanto - Tamaj\u00f3n, Guadalajara\" \/>\n\t\t\t\t\t\t<\/a>\n\t\t\t<\/li>\n\n\t\t\t\t<\/ul><\/div>\n","protected":false},"excerpt":{"rendered":"<p>Muebles y complementos que evocan un sinf\u00edn de buenas sensaciones.<\/p>\n","protected":false},"author":1,"featured_media":113,"parent":0,"menu_order":3,"comment_status":"open","ping_status":"closed","template":"","meta":{"footnotes":""},"class_list":["post-27","page","type-page","status-publish","has-post-thumbnail","hentry"],"_links":{"self":[{"href":"https:\/\/areadetamajon.com\/blog\/wp-json\/wp\/v2\/pages\/27","targetHints":{"allow":["GET"]}}],"collection":[{"href":"https:\/\/areadetamajon.com\/blog\/wp-json\/wp\/v2\/pages"}],"about":[{"href":"https:\/\/areadetamajon.com\/blog\/wp-json\/wp\/v2\/types\/page"}],"author":[{"embeddable":true,"href":"https:\/\/areadetamajon.com\/blog\/wp-json\/wp\/v2\/users\/1"}],"replies":[{"embeddable":true,"href":"https:\/\/areadetamajon.com\/blog\/wp-json\/wp\/v2\/comments?post=27"}],"version-history":[{"count":23,"href":"https:\/\/areadetamajon.com\/blog\/wp-json\/wp\/v2\/pages\/27\/revisions"}],"predecessor-version":[{"id":262,"href":"https:\/\/areadetamajon.com\/blog\/wp-json\/wp\/v2\/pages\/27\/revisions\/262"}],"wp:featuredmedia":[{"embeddable":true,"href":"https:\/\/areadetamajon.com\/blog\/wp-json\/wp\/v2\/media\/113"}],"wp:attachment":[{"href":"https:\/\/areadetamajon.com\/blog\/wp-json\/wp\/v2\/media?parent=27"}],"curies":[{"name":"wp","href":"https:\/\/api.w.org\/{rel}","templated":true}]}}