{"id":8,"date":"2014-06-26T10:15:56","date_gmt":"2014-06-26T10:15:56","guid":{"rendered":"http:\/\/areadetamajon.com\/blog\/?page_id=8"},"modified":"2014-07-28T07:52:43","modified_gmt":"2014-07-28T07:52:43","slug":"bar-restaurante","status":"publish","type":"page","link":"https:\/\/areadetamajon.com\/blog\/bar-restaurante\/","title":{"rendered":"Bar-Restaurante"},"content":{"rendered":"<p><img loading=\"lazy\" decoding=\"async\" class=\"alignnone size-full wp-image-39\" src=\"https:\/\/areadetamajon.com\/blog\/wp-content\/uploads\/2014\/06\/DSC03887_1.jpg\" alt=\"DSC03887_1\" width=\"1200\" height=\"604\" srcset=\"https:\/\/areadetamajon.com\/blog\/wp-content\/uploads\/2014\/06\/DSC03887_1.jpg 1200w, https:\/\/areadetamajon.com\/blog\/wp-content\/uploads\/2014\/06\/DSC03887_1-300x151.jpg 300w, https:\/\/areadetamajon.com\/blog\/wp-content\/uploads\/2014\/06\/DSC03887_1-1024x515.jpg 1024w\" sizes=\"auto, (max-width: 1200px) 100vw, 1200px\" \/><\/p>\n<p style=\"text-align: left;\">En nuestra cafeter\u00eda vas a encontrar el lugar perfecto para tomar un completo desayuno desde\u00a0temprano, unas raciones a cualquier hora del d\u00eda o simplemente una cerveza o refresco\u00a0acompa\u00f1ado de las mejores tapas de la zona.<\/p>\n<p style=\"text-align: left;\">Tambi\u00e9n ponemos a tu disposici\u00f3n nuestro restaurante, un lugar c\u00f3modo y acogedor\u00a0preparado especialmente para que disfrutes de \u00e9l en compa\u00f1\u00eda de la familia y los amigos\u00a0degustando cualquiera de nuestras especialidades.<\/p>\n<p style=\"text-align: left;\">Te invitamos a conocer nuestra carta y a degustar todos los platos de nuestra cocina con\u00a0especial atenci\u00f3n a los asados.<\/p>\n<h5 style=\"text-align: center;\">Nuestro objetivo es tu satisfacci\u00f3n.<\/h5>\n","protected":false},"excerpt":{"rendered":"<p>En nuestra cafeter\u00eda vas a encontrar el lugar perfecto para tomar un completo desayuno desde\u00a0temprano, unas raciones a cualquier hora del d\u00eda o simplemente una cerveza o refresco\u00a0acompa\u00f1ado de las mejores tapas de la zona. Tambi\u00e9n ponemos a tu disposici\u00f3n nuestro restaurante, un lugar c\u00f3modo y acogedor\u00a0preparado especialmente para que disfrutes de \u00e9l en compa\u00f1\u00eda de la familia y los amigos\u00a0degustando cualquiera de nuestras especialidades. Te invitamos a conocer nuestra carta y a degustar todos los platos de nuestra cocina con\u00a0especial atenci\u00f3n a los asados. Nuestro objetivo es tu satisfacci\u00f3n.<\/p>\n","protected":false},"author":1,"featured_media":100,"parent":0,"menu_order":11,"comment_status":"open","ping_status":"closed","template":"","meta":{"footnotes":""},"class_list":["post-8","page","type-page","status-publish","has-post-thumbnail","hentry"],"_links":{"self":[{"href":"https:\/\/areadetamajon.com\/blog\/wp-json\/wp\/v2\/pages\/8","targetHints":{"allow":["GET"]}}],"collection":[{"href":"https:\/\/areadetamajon.com\/blog\/wp-json\/wp\/v2\/pages"}],"about":[{"href":"https:\/\/areadetamajon.com\/blog\/wp-json\/wp\/v2\/types\/page"}],"author":[{"embeddable":true,"href":"https:\/\/areadetamajon.com\/blog\/wp-json\/wp\/v2\/users\/1"}],"replies":[{"embeddable":true,"href":"https:\/\/areadetamajon.com\/blog\/wp-json\/wp\/v2\/comments?post=8"}],"version-history":[{"count":15,"href":"https:\/\/areadetamajon.com\/blog\/wp-json\/wp\/v2\/pages\/8\/revisions"}],"predecessor-version":[{"id":247,"href":"https:\/\/areadetamajon.com\/blog\/wp-json\/wp\/v2\/pages\/8\/revisions\/247"}],"wp:featuredmedia":[{"embeddable":true,"href":"https:\/\/areadetamajon.com\/blog\/wp-json\/wp\/v2\/media\/100"}],"wp:attachment":[{"href":"https:\/\/areadetamajon.com\/blog\/wp-json\/wp\/v2\/media?parent=8"}],"curies":[{"name":"wp","href":"https:\/\/api.w.org\/{rel}","templated":true}]}}